{"id":25,"date":"2021-08-31T20:34:42","date_gmt":"2021-08-31T18:34:42","guid":{"rendered":"https:\/\/mitose.quality-assistance.com\/cookie-policy\/"},"modified":"2021-11-09T09:36:28","modified_gmt":"2021-11-09T08:36:28","slug":"politique-de-cookies","status":"publish","type":"page","link":"https:\/\/mitose.quality-assistance.com\/fr\/politique-de-cookies\/","title":{"rendered":"Politique de cookies"},"content":{"rendered":"<h2>\u00c0 propos des cookies<\/h2>\n<p>Les cookies sont de petits fichiers de donn\u00e9es t\u00e9l\u00e9charg\u00e9s sur votre appareil lorsque vous visitez notre site Web.<\/p>\n<p>Les cookies sont utilis\u00e9s par les sites Web pour beaucoup de raisons pratiques et ne sont en aucun cas nuisibles. En fait, ils sont con\u00e7us pour rendre votre exp\u00e9rience en ligne plus agr\u00e9able.<\/p>\n<p>Certains sont n\u00e9cessaires au fonctionnement du site. D&rsquo;autres sont utilis\u00e9s pour \u00e9tablir des statistiques nous permettant de vous offrir une visite plus agr\u00e9able. Il existe diff\u00e9rents types de cookies. Ce site utilise des cookies techniques, de suivi et de tiers.<\/p>\n<p>Des informations utiles sur les aspects techniques de Cookie peuvent \u00eatre trouv\u00e9es: <a href=\"http:\/\/www.allaboutcookies.org\">http:\/\/www.allaboutcookies.org<\/a><\/p>\n<h2>Quels types de cookies sont utilis\u00e9s?<\/h2>\n<p>Un cookie peut \u00eatre class\u00e9 suivant sa dur\u00e9e de vie, son but et le domaine auquel il appartient. Par dur\u00e9e de vie, un cookie est soit:<\/p>\n<ul>\n<li>Cookie de session qui est effac\u00e9 lorsque l&rsquo;utilisateur ferme le navigateur<\/li>\n<li>Cookie persistant qui reste sur l&rsquo;ordinateur \/ l&rsquo;appareil de l&rsquo;utilisateur pendant une p\u00e9riode pr\u00e9d\u00e9finie.<\/li>\n<\/ul>\n<p>Quant au domaine auquel il appartient, il y a soit:<\/p>\n<ul>\n<li>Cookie de premi\u00e8re partie qui est d\u00e9fini par le serveur Web de la page visit\u00e9e et partage le m\u00eame domaine;<\/li>\n<li>Cookie tiers stock\u00e9 par un domaine diff\u00e9rent du domaine de la page visit\u00e9e. Cela peut se produire lorsque la page Web fait r\u00e9f\u00e9rence \u00e0 un fichier, tel que JavaScript, situ\u00e9 en dehors de son domaine.<\/li>\n<\/ul>\n<h3>Nous utilisons 3 types de cookies :<\/h3>\n<ul>\n<li>cookies n\u00e9cessaires &#8211; cookies permettant le fonctionnement technique du site et ses fonctionnalit\u00e9s;<\/li>\n<li>des cookies analytiques \/ de performance &#8211; des cookies qui recueillent des donn\u00e9es sur les performances du site Web et la mani\u00e8re dont vous utilisez notre site Web. Ces cookies nous permettent d&rsquo;am\u00e9liorer le fonctionnement du site;<\/li>\n<li>cookies de fonctionnalit\u00e9s &#8211; cookies qui permettent au site Web de se rappeler des choix que vous faites (comme votre langue) et de fournir des fonctionnalit\u00e9s am\u00e9lior\u00e9es ou personnalis\u00e9es.<\/li>\n<\/ul>\n<h2>Cookies utilis\u00e9s sur ce site<\/h2>\n<p>Un aper\u00e7u des cookies utilis\u00e9s sur ce site est d\u00e9fini dans le tableau suivant:<\/p>\n<table class='gdpr-cookies-table'><tr><th>Nom<\/th><th>Fix\u00e9 par<\/th><th>But<\/th><th>Dur\u00e9e de vie<\/th><tr><tr><td>_ga<\/td><td>Google Analytics<\/td><td>Ce cookie est utilis\u00e9 pour conserver l'\u00e9tat de la session.<\/td><td>2 years<\/td><\/tr><tr><td>cookie-agreed<\/td><td>Mitose<\/td><td>Ce cookie est d\u00e9fini lorsque le visiteur accepte le consentement du cookie.<\/td><td>1 an<\/td><\/tr><tr><td>player<\/td><td>Vimeo<\/td><td>Ce cookie suis les informations sur la fa\u00e7on dont le service Vimeo est utilis\u00e9.<\/td><td>1 an<\/td><\/tr><tr><td>vuid<\/td><td>Vimeo<\/td><td>Ce cookie est utilis\u00e9 pour stocker l'historique d'utilisation de l'utilisateur.<\/td><td>2 ans<\/td><\/tr><tr><td>wp-wpml_current_language<\/td><td>WPML<\/td><td>Ce cookie stocke la langue actuelle.<\/td><td>Session<\/td><\/tr><\/table>\n<h2>Param\u00e8tres de configuration des cookies<\/h2>\n<p>Vous pouvez emp\u00eacher le placement de Cookies en ajustant les param\u00e8tres de votre navigateur.<\/p>\n<p>Les param\u00e8tres de cookies peuvent varier d&rsquo;un navigateur \u00e0 l&rsquo;autre. Consultez le menu &lsquo;Aide&rsquo; de votre navigateur pour savoir comment modifier vos pr\u00e9f\u00e9rences de cookies.<\/p>\n<p>Les informations sur la fa\u00e7on de g\u00e9rer les cookies dans chaque navigateur sont disponibles aux adresses suivantes:<\/p>\n<ul>\n<li><a href=\"https:\/\/support.google.com\/chrome\/answer\/95647?hl=fr\" target=\"_blank\" rel=\"noopener\">Google Chrome<\/a><\/li>\n<li><a href=\"https:\/\/support.mozilla.org\/fr\/kb\/empecher-sites-enregistrer-preferences\" target=\"_blank\" rel=\"noopener\">Mozilla Firefox<\/a><\/li>\n<li><a href=\"https:\/\/support.apple.com\/fr-be\/HT201265\" target=\"_blank\" rel=\"noopener\">Safari<\/a><\/li>\n<li><a href=\"https:\/\/support.microsoft.com\/fr-fr\/topic\/supprimer-et-g%C3%A9rer-les-cookies-168dab11-0753-043d-7c16-ede5947fc64d\" target=\"_blank\" rel=\"noopener\">Internet Explorer<\/a><\/li>\n<\/ul>\n","protected":false},"excerpt":{"rendered":"<p>\u00c0 propos des cookies Les cookies sont de petits fichiers de donn\u00e9es t\u00e9l\u00e9charg\u00e9s sur votre appareil lorsque vous visitez notre [&hellip;]<\/p>\n","protected":false},"author":1,"featured_media":0,"parent":0,"menu_order":0,"comment_status":"closed","ping_status":"closed","template":"","meta":[],"acf":[],"_links":{"self":[{"href":"https:\/\/mitose.quality-assistance.com\/fr\/wp-json\/wp\/v2\/pages\/25"}],"collection":[{"href":"https:\/\/mitose.quality-assistance.com\/fr\/wp-json\/wp\/v2\/pages"}],"about":[{"href":"https:\/\/mitose.quality-assistance.com\/fr\/wp-json\/wp\/v2\/types\/page"}],"author":[{"embeddable":true,"href":"https:\/\/mitose.quality-assistance.com\/fr\/wp-json\/wp\/v2\/users\/1"}],"replies":[{"embeddable":true,"href":"https:\/\/mitose.quality-assistance.com\/fr\/wp-json\/wp\/v2\/comments?post=25"}],"version-history":[{"count":0,"href":"https:\/\/mitose.quality-assistance.com\/fr\/wp-json\/wp\/v2\/pages\/25\/revisions"}],"wp:attachment":[{"href":"https:\/\/mitose.quality-assistance.com\/fr\/wp-json\/wp\/v2\/media?parent=25"}],"curies":[{"name":"wp","href":"https:\/\/api.w.org\/{rel}","templated":true}]}}