{"id":23,"date":"2021-08-31T20:34:42","date_gmt":"2021-08-31T18:34:42","guid":{"rendered":"https:\/\/mitose.quality-assistance.com\/privacy-policy\/"},"modified":"2021-11-09T09:35:43","modified_gmt":"2021-11-09T08:35:43","slug":"politique-de-confidentialite","status":"publish","type":"page","link":"https:\/\/mitose.quality-assistance.com\/fr\/politique-de-confidentialite\/","title":{"rendered":"Politique de confidentialit\u00e9"},"content":{"rendered":"<h2>Protection de donn\u00e9es \u00e0 caract\u00e8re personnel et Politique de confidentialit\u00e9<\/h2>\n<h3>Traitement des donn\u00e9es personnelles<\/h3>\n<p>Des donn\u00e9es \u00e0 caract\u00e8re personnel ne pourront \u00eatre recueillies et trait\u00e9es que conform\u00e9ment aux r\u00e8gles relatives aux lois sur la protection des donn\u00e9es.<\/p>\n<p>Dans certains cas, notamment lorsque l&rsquo;utilisateur envoie des donn\u00e9es personnelles en compl\u00e9tant et renvoyant un des formulaires sur le site, il est possible que certaines donn\u00e9es personnelles soient enregistr\u00e9es sur le serveur. L&rsquo;\u00e9diteur traite les informations personnelles re\u00e7ues de l&rsquo;utilisateur exclusivement pour r\u00e9pondre \u00e0 la demande de l&rsquo;utilisateur et pour toute future communication par e-mail qui pourrait r\u00e9sulter d&rsquo;une \u00e9ventuelle relation commerciale entre l&rsquo;utilisateur et l&rsquo;\u00e9diteur.<\/p>\n<p>Les donn\u00e9es personnelles de l&rsquo;utilisateur peuvent \u00eatre enregistr\u00e9es sur le serveur \u00e0 des fins de backup\/logging\/statistiques pour une p\u00e9riode qui ne d\u00e9passera pas 26 mois, apr\u00e8s quoi, elles seront automatiquement supprim\u00e9es.<\/p>\n<p>Les donn\u00e9es personnelles de l&rsquo;utilisateur sont consid\u00e9r\u00e9es comme confidentielles et trait\u00e9es comme telles, elles ne seront donc jamais vendues ou transmises \u00e0 des tiers sans son approbation pr\u00e9alable.<\/p>\n<p>L&rsquo;utilisateur a le droit de consulter, corriger, mettre \u00e0 jour et de demander la suppression de ses donn\u00e9es personnelles \u00e0 tout moment en adressant une demande \u00e9crite \u00e0 cette adresse : julie.jia@quality-assistance.be<\/p>\n","protected":false},"excerpt":{"rendered":"<p>Protection de donn\u00e9es \u00e0 caract\u00e8re personnel et Politique de confidentialit\u00e9 Traitement des donn\u00e9es personnelles Des donn\u00e9es \u00e0 caract\u00e8re personnel ne [&hellip;]<\/p>\n","protected":false},"author":1,"featured_media":0,"parent":0,"menu_order":0,"comment_status":"closed","ping_status":"closed","template":"","meta":[],"acf":[],"_links":{"self":[{"href":"https:\/\/mitose.quality-assistance.com\/fr\/wp-json\/wp\/v2\/pages\/23"}],"collection":[{"href":"https:\/\/mitose.quality-assistance.com\/fr\/wp-json\/wp\/v2\/pages"}],"about":[{"href":"https:\/\/mitose.quality-assistance.com\/fr\/wp-json\/wp\/v2\/types\/page"}],"author":[{"embeddable":true,"href":"https:\/\/mitose.quality-assistance.com\/fr\/wp-json\/wp\/v2\/users\/1"}],"replies":[{"embeddable":true,"href":"https:\/\/mitose.quality-assistance.com\/fr\/wp-json\/wp\/v2\/comments?post=23"}],"version-history":[{"count":0,"href":"https:\/\/mitose.quality-assistance.com\/fr\/wp-json\/wp\/v2\/pages\/23\/revisions"}],"wp:attachment":[{"href":"https:\/\/mitose.quality-assistance.com\/fr\/wp-json\/wp\/v2\/media?parent=23"}],"curies":[{"name":"wp","href":"https:\/\/api.w.org\/{rel}","templated":true}]}}